{"id":16188,"date":"2023-06-29T22:56:23","date_gmt":"2023-06-29T22:56:23","guid":{"rendered":"https:\/\/pic-cell.linkwip.com\/produto\/axon_ls_orange_s\/"},"modified":"2025-07-21T22:33:55","modified_gmt":"2025-07-21T22:33:55","slug":"axon_ls_orange_s","status":"publish","type":"product","link":"https:\/\/www.pic-cell.online\/en\/produtos\/lenco-pequeno\/axon_ls_orange_s\/","title":{"rendered":"AXON_LS_ORANGE_S"},"content":{"rendered":"<p>Padr\u00e3o \u00e9 uma representa\u00e7\u00e3o estilizada de um corte longitudinal de um nervo ci\u00e1tico de um ratinho, vital para fun\u00e7\u00f5es motoras e sensoriais<\/p>\n","protected":false},"excerpt":{"rendered":"<p>Padr\u00e3o \u00e9 uma representa\u00e7\u00e3o estilizada de um corte longitudinal de um nervo ci\u00e1tico de um ratinho, vital para fun\u00e7\u00f5es motoras e sensoriais<\/p>\n","protected":false},"featured_media":16888,"comment_status":"open","ping_status":"closed","template":"","meta":{"inline_featured_image":false},"product_cat":[232],"product_tag":[],"class_list":["post-16188","product","type-product","status-publish","has-post-thumbnail","hentry","product_cat-lenco-pequeno"],"acf":[],"yoast_head":"<!-- This site is optimized with the Yoast SEO plugin v21.6 - https:\/\/yoast.com\/wordpress\/plugins\/seo\/ -->\n<title>AXON_LS_ORANGE_S - Produtos - pic.cell<\/title>\n<meta name=\"robots\" content=\"index, follow, max-snippet:-1, max-image-preview:large, max-video-preview:-1\" \/>\n<link rel=\"canonical\" href=\"https:\/\/www.pic-cell.online\/en\/produtos\/lenco-pequeno\/axon_ls_orange_s\/\" \/>\n<meta property=\"og:locale\" content=\"en_US\" \/>\n<meta property=\"og:type\" content=\"article\" \/>\n<meta property=\"og:title\" content=\"AXON_LS_ORANGE_S - Produtos - pic.cell\" \/>\n<meta property=\"og:description\" content=\"Padr\u00e3o \u00e9 uma representa\u00e7\u00e3o estilizada de um corte longitudinal de um nervo ci\u00e1tico de um ratinho, vital para fun\u00e7\u00f5es motoras e sensoriais\" \/>\n<meta property=\"og:url\" content=\"https:\/\/www.pic-cell.online\/en\/produtos\/lenco-pequeno\/axon_ls_orange_s\/\" \/>\n<meta property=\"og:site_name\" content=\"pic.cell\" \/>\n<meta property=\"article:modified_time\" content=\"2025-07-21T22:33:55+00:00\" \/>\n<meta property=\"og:image\" content=\"https:\/\/www.pic-cell.online\/wp-content\/uploads\/2023\/06\/WhatsApp-Image-2023-08-11-at-00.59.35-2.jpeg\" \/>\n\t<meta property=\"og:image:width\" content=\"1073\" \/>\n\t<meta property=\"og:image:height\" content=\"1347\" \/>\n\t<meta property=\"og:image:type\" content=\"image\/jpeg\" \/>\n<meta name=\"twitter:card\" content=\"summary_large_image\" \/>\n<meta name=\"twitter:label1\" content=\"Est. reading time\" \/>\n\t<meta name=\"twitter:data1\" content=\"1 minute\" \/>\n<script type=\"application\/ld+json\" class=\"yoast-schema-graph\">{\"@context\":\"https:\/\/schema.org\",\"@graph\":[{\"@type\":\"WebPage\",\"@id\":\"https:\/\/www.pic-cell.online\/en\/produtos\/lenco-pequeno\/axon_ls_orange_s\/\",\"url\":\"https:\/\/www.pic-cell.online\/en\/produtos\/lenco-pequeno\/axon_ls_orange_s\/\",\"name\":\"AXON_LS_ORANGE_S - Produtos - pic.cell\",\"isPartOf\":{\"@id\":\"https:\/\/www.pic-cell.online\/en\/#website\"},\"datePublished\":\"2023-06-29T22:56:23+00:00\",\"dateModified\":\"2025-07-21T22:33:55+00:00\",\"breadcrumb\":{\"@id\":\"https:\/\/www.pic-cell.online\/en\/produtos\/lenco-pequeno\/axon_ls_orange_s\/#breadcrumb\"},\"inLanguage\":\"en-US\",\"potentialAction\":[{\"@type\":\"ReadAction\",\"target\":[\"https:\/\/www.pic-cell.online\/en\/produtos\/lenco-pequeno\/axon_ls_orange_s\/\"]}]},{\"@type\":\"BreadcrumbList\",\"@id\":\"https:\/\/www.pic-cell.online\/en\/produtos\/lenco-pequeno\/axon_ls_orange_s\/#breadcrumb\",\"itemListElement\":[{\"@type\":\"ListItem\",\"position\":1,\"name\":\"In\u00edcio\",\"item\":\"https:\/\/www.pic-cell.online\/en\/\"},{\"@type\":\"ListItem\",\"position\":2,\"name\":\"Products\",\"item\":\"https:\/\/www.pic-cell.online\/en\/products\/\"},{\"@type\":\"ListItem\",\"position\":3,\"name\":\"Foulards\",\"item\":\"https:\/\/www.pic-cell.online\/en\/produtos\/categoria\/foulards\/\"},{\"@type\":\"ListItem\",\"position\":4,\"name\":\"AXON_LS_ORANGE_S\"}]},{\"@type\":\"WebSite\",\"@id\":\"https:\/\/www.pic-cell.online\/en\/#website\",\"url\":\"https:\/\/www.pic-cell.online\/en\/\",\"name\":\"pic.cell\",\"description\":\"Quando a ci\u00eancia se rende aos encantos da moda\",\"potentialAction\":[{\"@type\":\"SearchAction\",\"target\":{\"@type\":\"EntryPoint\",\"urlTemplate\":\"https:\/\/www.pic-cell.online\/en\/?s={search_term_string}\"},\"query-input\":\"required name=search_term_string\"}],\"inLanguage\":\"en-US\"}]}<\/script>\n<!-- \/ Yoast SEO plugin. -->","yoast_head_json":{"title":"AXON_LS_ORANGE_S - Produtos - pic.cell","robots":{"index":"index","follow":"follow","max-snippet":"max-snippet:-1","max-image-preview":"max-image-preview:large","max-video-preview":"max-video-preview:-1"},"canonical":"https:\/\/www.pic-cell.online\/en\/produtos\/lenco-pequeno\/axon_ls_orange_s\/","og_locale":"en_US","og_type":"article","og_title":"AXON_LS_ORANGE_S - Produtos - pic.cell","og_description":"Padr\u00e3o \u00e9 uma representa\u00e7\u00e3o estilizada de um corte longitudinal de um nervo ci\u00e1tico de um ratinho, vital para fun\u00e7\u00f5es motoras e sensoriais","og_url":"https:\/\/www.pic-cell.online\/en\/produtos\/lenco-pequeno\/axon_ls_orange_s\/","og_site_name":"pic.cell","article_modified_time":"2025-07-21T22:33:55+00:00","og_image":[{"width":1073,"height":1347,"url":"https:\/\/www.pic-cell.online\/wp-content\/uploads\/2023\/06\/WhatsApp-Image-2023-08-11-at-00.59.35-2.jpeg","type":"image\/jpeg"}],"twitter_card":"summary_large_image","twitter_misc":{"Est. reading time":"1 minute"},"schema":{"@context":"https:\/\/schema.org","@graph":[{"@type":"WebPage","@id":"https:\/\/www.pic-cell.online\/en\/produtos\/lenco-pequeno\/axon_ls_orange_s\/","url":"https:\/\/www.pic-cell.online\/en\/produtos\/lenco-pequeno\/axon_ls_orange_s\/","name":"AXON_LS_ORANGE_S - Produtos - pic.cell","isPartOf":{"@id":"https:\/\/www.pic-cell.online\/en\/#website"},"datePublished":"2023-06-29T22:56:23+00:00","dateModified":"2025-07-21T22:33:55+00:00","breadcrumb":{"@id":"https:\/\/www.pic-cell.online\/en\/produtos\/lenco-pequeno\/axon_ls_orange_s\/#breadcrumb"},"inLanguage":"en-US","potentialAction":[{"@type":"ReadAction","target":["https:\/\/www.pic-cell.online\/en\/produtos\/lenco-pequeno\/axon_ls_orange_s\/"]}]},{"@type":"BreadcrumbList","@id":"https:\/\/www.pic-cell.online\/en\/produtos\/lenco-pequeno\/axon_ls_orange_s\/#breadcrumb","itemListElement":[{"@type":"ListItem","position":1,"name":"In\u00edcio","item":"https:\/\/www.pic-cell.online\/en\/"},{"@type":"ListItem","position":2,"name":"Products","item":"https:\/\/www.pic-cell.online\/en\/products\/"},{"@type":"ListItem","position":3,"name":"Foulards","item":"https:\/\/www.pic-cell.online\/en\/produtos\/categoria\/foulards\/"},{"@type":"ListItem","position":4,"name":"AXON_LS_ORANGE_S"}]},{"@type":"WebSite","@id":"https:\/\/www.pic-cell.online\/en\/#website","url":"https:\/\/www.pic-cell.online\/en\/","name":"pic.cell","description":"Quando a ci\u00eancia se rende aos encantos da moda","potentialAction":[{"@type":"SearchAction","target":{"@type":"EntryPoint","urlTemplate":"https:\/\/www.pic-cell.online\/en\/?s={search_term_string}"},"query-input":"required name=search_term_string"}],"inLanguage":"en-US"}]}},"_links":{"self":[{"href":"https:\/\/www.pic-cell.online\/en\/wp-json\/wp\/v2\/product\/16188","targetHints":{"allow":["GET"]}}],"collection":[{"href":"https:\/\/www.pic-cell.online\/en\/wp-json\/wp\/v2\/product"}],"about":[{"href":"https:\/\/www.pic-cell.online\/en\/wp-json\/wp\/v2\/types\/product"}],"replies":[{"embeddable":true,"href":"https:\/\/www.pic-cell.online\/en\/wp-json\/wp\/v2\/comments?post=16188"}],"wp:featuredmedia":[{"embeddable":true,"href":"https:\/\/www.pic-cell.online\/en\/wp-json\/wp\/v2\/media\/16888"}],"wp:attachment":[{"href":"https:\/\/www.pic-cell.online\/en\/wp-json\/wp\/v2\/media?parent=16188"}],"wp:term":[{"taxonomy":"product_cat","embeddable":true,"href":"https:\/\/www.pic-cell.online\/en\/wp-json\/wp\/v2\/product_cat?post=16188"},{"taxonomy":"product_tag","embeddable":true,"href":"https:\/\/www.pic-cell.online\/en\/wp-json\/wp\/v2\/product_tag?post=16188"}],"curies":[{"name":"wp","href":"https:\/\/api.w.org\/{rel}","templated":true}]}}